{"id":2040,"date":"2019-02-11T20:32:20","date_gmt":"2019-02-11T20:32:20","guid":{"rendered":"http:\/\/myrdil.com\/?page_id=2040"},"modified":"2019-02-12T23:42:23","modified_gmt":"2019-02-12T23:42:23","slug":"larmoire-de-martouf","status":"publish","type":"page","link":"https:\/\/myrdil.com\/?page_id=2040","title":{"rendered":"L&#8217;armoire de Martouf"},"content":{"rendered":"<p>Importation de la photo dans Blender et cr\u00e9ation du cube de base<\/p>\n<p>&nbsp;<\/p>\n<p><img loading=\"lazy\" decoding=\"async\" class=\"alignnone size-full wp-image-2035\" src=\"http:\/\/192.168.1.201\/wordpress\/wp-content\/uploads\/2019\/02\/Blender_-C__Users_Thierry_Documents_Blender_NWN-Models_generic.blend-11-02-19-15_44_40.png\" alt=\"\" width=\"1920\" height=\"1057\" srcset=\"https:\/\/myrdil.com\/wp-content\/uploads\/2019\/02\/Blender_-C__Users_Thierry_Documents_Blender_NWN-Models_generic.blend-11-02-19-15_44_40.png 1920w, https:\/\/myrdil.com\/wp-content\/uploads\/2019\/02\/Blender_-C__Users_Thierry_Documents_Blender_NWN-Models_generic.blend-11-02-19-15_44_40-300x165.png 300w, https:\/\/myrdil.com\/wp-content\/uploads\/2019\/02\/Blender_-C__Users_Thierry_Documents_Blender_NWN-Models_generic.blend-11-02-19-15_44_40-768x423.png 768w, https:\/\/myrdil.com\/wp-content\/uploads\/2019\/02\/Blender_-C__Users_Thierry_Documents_Blender_NWN-Models_generic.blend-11-02-19-15_44_40-1024x564.png 1024w, https:\/\/myrdil.com\/wp-content\/uploads\/2019\/02\/Blender_-C__Users_Thierry_Documents_Blender_NWN-Models_generic.blend-11-02-19-15_44_40-500x275.png 500w\" sizes=\"auto, (max-width: 1920px) 100vw, 1920px\" \/><\/p>\n<p>Premi\u00e8res d\u00e9coupes<\/p>\n<p><img loading=\"lazy\" decoding=\"async\" class=\"alignnone size-full wp-image-2034\" src=\"http:\/\/192.168.1.201\/wordpress\/wp-content\/uploads\/2019\/02\/Blender_-C__Users_Thierry_Documents_Blender_NWN-Models_generic.blend-11-02-19-15_54_18.png\" alt=\"\" width=\"1920\" height=\"1057\" srcset=\"https:\/\/myrdil.com\/wp-content\/uploads\/2019\/02\/Blender_-C__Users_Thierry_Documents_Blender_NWN-Models_generic.blend-11-02-19-15_54_18.png 1920w, https:\/\/myrdil.com\/wp-content\/uploads\/2019\/02\/Blender_-C__Users_Thierry_Documents_Blender_NWN-Models_generic.blend-11-02-19-15_54_18-300x165.png 300w, https:\/\/myrdil.com\/wp-content\/uploads\/2019\/02\/Blender_-C__Users_Thierry_Documents_Blender_NWN-Models_generic.blend-11-02-19-15_54_18-768x423.png 768w, https:\/\/myrdil.com\/wp-content\/uploads\/2019\/02\/Blender_-C__Users_Thierry_Documents_Blender_NWN-Models_generic.blend-11-02-19-15_54_18-1024x564.png 1024w, https:\/\/myrdil.com\/wp-content\/uploads\/2019\/02\/Blender_-C__Users_Thierry_Documents_Blender_NWN-Models_generic.blend-11-02-19-15_54_18-500x275.png 500w\" sizes=\"auto, (max-width: 1920px) 100vw, 1920px\" \/><\/p>\n<p>S\u00e9paration des diamants<\/p>\n<p><img loading=\"lazy\" decoding=\"async\" class=\"alignnone size-full wp-image-2033\" src=\"http:\/\/192.168.1.201\/wordpress\/wp-content\/uploads\/2019\/02\/Blender_-C__Users_Thierry_Documents_Blender_NWN-Models_armoire01.blend-11-02-19-17_30_01.png\" alt=\"\" width=\"1920\" height=\"1057\" srcset=\"https:\/\/myrdil.com\/wp-content\/uploads\/2019\/02\/Blender_-C__Users_Thierry_Documents_Blender_NWN-Models_armoire01.blend-11-02-19-17_30_01.png 1920w, https:\/\/myrdil.com\/wp-content\/uploads\/2019\/02\/Blender_-C__Users_Thierry_Documents_Blender_NWN-Models_armoire01.blend-11-02-19-17_30_01-300x165.png 300w, https:\/\/myrdil.com\/wp-content\/uploads\/2019\/02\/Blender_-C__Users_Thierry_Documents_Blender_NWN-Models_armoire01.blend-11-02-19-17_30_01-768x423.png 768w, https:\/\/myrdil.com\/wp-content\/uploads\/2019\/02\/Blender_-C__Users_Thierry_Documents_Blender_NWN-Models_armoire01.blend-11-02-19-17_30_01-1024x564.png 1024w, https:\/\/myrdil.com\/wp-content\/uploads\/2019\/02\/Blender_-C__Users_Thierry_Documents_Blender_NWN-Models_armoire01.blend-11-02-19-17_30_01-500x275.png 500w\" sizes=\"auto, (max-width: 1920px) 100vw, 1920px\" \/><\/p>\n<p>Extrusion des pointes de diamants<\/p>\n<p><img loading=\"lazy\" decoding=\"async\" class=\"alignnone size-full wp-image-2032\" src=\"http:\/\/192.168.1.201\/wordpress\/wp-content\/uploads\/2019\/02\/Blender_-C__Users_Thierry_Documents_Blender_NWN-Models_armoire01.blend-11-02-19-17_30_41.png\" alt=\"\" width=\"1920\" height=\"1057\" srcset=\"https:\/\/myrdil.com\/wp-content\/uploads\/2019\/02\/Blender_-C__Users_Thierry_Documents_Blender_NWN-Models_armoire01.blend-11-02-19-17_30_41.png 1920w, https:\/\/myrdil.com\/wp-content\/uploads\/2019\/02\/Blender_-C__Users_Thierry_Documents_Blender_NWN-Models_armoire01.blend-11-02-19-17_30_41-300x165.png 300w, https:\/\/myrdil.com\/wp-content\/uploads\/2019\/02\/Blender_-C__Users_Thierry_Documents_Blender_NWN-Models_armoire01.blend-11-02-19-17_30_41-768x423.png 768w, https:\/\/myrdil.com\/wp-content\/uploads\/2019\/02\/Blender_-C__Users_Thierry_Documents_Blender_NWN-Models_armoire01.blend-11-02-19-17_30_41-1024x564.png 1024w, https:\/\/myrdil.com\/wp-content\/uploads\/2019\/02\/Blender_-C__Users_Thierry_Documents_Blender_NWN-Models_armoire01.blend-11-02-19-17_30_41-500x275.png 500w\" sizes=\"auto, (max-width: 1920px) 100vw, 1920px\" \/><\/p>\n<p>Renfoncement des contours des pointes de diamants<\/p>\n<p><img loading=\"lazy\" decoding=\"async\" class=\"alignnone size-full wp-image-2031\" src=\"http:\/\/192.168.1.201\/wordpress\/wp-content\/uploads\/2019\/02\/Blender_-C__Users_Thierry_Documents_Blender_NWN-Models_armoire01.blend-11-02-19-17_32_01.png\" alt=\"\" width=\"1920\" height=\"1057\" srcset=\"https:\/\/myrdil.com\/wp-content\/uploads\/2019\/02\/Blender_-C__Users_Thierry_Documents_Blender_NWN-Models_armoire01.blend-11-02-19-17_32_01.png 1920w, https:\/\/myrdil.com\/wp-content\/uploads\/2019\/02\/Blender_-C__Users_Thierry_Documents_Blender_NWN-Models_armoire01.blend-11-02-19-17_32_01-300x165.png 300w, https:\/\/myrdil.com\/wp-content\/uploads\/2019\/02\/Blender_-C__Users_Thierry_Documents_Blender_NWN-Models_armoire01.blend-11-02-19-17_32_01-768x423.png 768w, https:\/\/myrdil.com\/wp-content\/uploads\/2019\/02\/Blender_-C__Users_Thierry_Documents_Blender_NWN-Models_armoire01.blend-11-02-19-17_32_01-1024x564.png 1024w, https:\/\/myrdil.com\/wp-content\/uploads\/2019\/02\/Blender_-C__Users_Thierry_Documents_Blender_NWN-Models_armoire01.blend-11-02-19-17_32_01-500x275.png 500w\" sizes=\"auto, (max-width: 1920px) 100vw, 1920px\" \/><img loading=\"lazy\" decoding=\"async\" class=\"alignnone size-full wp-image-2030\" src=\"http:\/\/192.168.1.201\/wordpress\/wp-content\/uploads\/2019\/02\/Blender_-C__Users_Thierry_Documents_Blender_NWN-Models_armoire01.blend-11-02-19-17_35_46.png\" alt=\"\" width=\"1920\" height=\"1057\" srcset=\"https:\/\/myrdil.com\/wp-content\/uploads\/2019\/02\/Blender_-C__Users_Thierry_Documents_Blender_NWN-Models_armoire01.blend-11-02-19-17_35_46.png 1920w, https:\/\/myrdil.com\/wp-content\/uploads\/2019\/02\/Blender_-C__Users_Thierry_Documents_Blender_NWN-Models_armoire01.blend-11-02-19-17_35_46-300x165.png 300w, https:\/\/myrdil.com\/wp-content\/uploads\/2019\/02\/Blender_-C__Users_Thierry_Documents_Blender_NWN-Models_armoire01.blend-11-02-19-17_35_46-768x423.png 768w, https:\/\/myrdil.com\/wp-content\/uploads\/2019\/02\/Blender_-C__Users_Thierry_Documents_Blender_NWN-Models_armoire01.blend-11-02-19-17_35_46-1024x564.png 1024w, https:\/\/myrdil.com\/wp-content\/uploads\/2019\/02\/Blender_-C__Users_Thierry_Documents_Blender_NWN-Models_armoire01.blend-11-02-19-17_35_46-500x275.png 500w\" sizes=\"auto, (max-width: 1920px) 100vw, 1920px\" \/><\/p>\n<p>Aspect g\u00e9n\u00e9ral du meuble termin\u00e9<\/p>\n<p><img loading=\"lazy\" decoding=\"async\" class=\"alignnone size-full wp-image-2029\" src=\"http:\/\/192.168.1.201\/wordpress\/wp-content\/uploads\/2019\/02\/Blender_-C__Users_Thierry_Documents_Blender_NWN-Models_armoire01.blend-11-02-19-17_47_47.png\" alt=\"\" width=\"1920\" height=\"1057\" srcset=\"https:\/\/myrdil.com\/wp-content\/uploads\/2019\/02\/Blender_-C__Users_Thierry_Documents_Blender_NWN-Models_armoire01.blend-11-02-19-17_47_47.png 1920w, https:\/\/myrdil.com\/wp-content\/uploads\/2019\/02\/Blender_-C__Users_Thierry_Documents_Blender_NWN-Models_armoire01.blend-11-02-19-17_47_47-300x165.png 300w, https:\/\/myrdil.com\/wp-content\/uploads\/2019\/02\/Blender_-C__Users_Thierry_Documents_Blender_NWN-Models_armoire01.blend-11-02-19-17_47_47-768x423.png 768w, https:\/\/myrdil.com\/wp-content\/uploads\/2019\/02\/Blender_-C__Users_Thierry_Documents_Blender_NWN-Models_armoire01.blend-11-02-19-17_47_47-1024x564.png 1024w, https:\/\/myrdil.com\/wp-content\/uploads\/2019\/02\/Blender_-C__Users_Thierry_Documents_Blender_NWN-Models_armoire01.blend-11-02-19-17_47_47-500x275.png 500w\" sizes=\"auto, (max-width: 1920px) 100vw, 1920px\" \/><\/p>\n<p>Cr\u00e9ation des charni\u00e8res<\/p>\n<p><img loading=\"lazy\" decoding=\"async\" class=\"alignnone size-full wp-image-2028\" src=\"http:\/\/192.168.1.201\/wordpress\/wp-content\/uploads\/2019\/02\/Blender_-C__Users_Thierry_Documents_Blender_NWN-Models_armoire01.blend-11-02-19-18_21_48.png\" alt=\"\" width=\"1920\" height=\"1057\" srcset=\"https:\/\/myrdil.com\/wp-content\/uploads\/2019\/02\/Blender_-C__Users_Thierry_Documents_Blender_NWN-Models_armoire01.blend-11-02-19-18_21_48.png 1920w, https:\/\/myrdil.com\/wp-content\/uploads\/2019\/02\/Blender_-C__Users_Thierry_Documents_Blender_NWN-Models_armoire01.blend-11-02-19-18_21_48-300x165.png 300w, https:\/\/myrdil.com\/wp-content\/uploads\/2019\/02\/Blender_-C__Users_Thierry_Documents_Blender_NWN-Models_armoire01.blend-11-02-19-18_21_48-768x423.png 768w, https:\/\/myrdil.com\/wp-content\/uploads\/2019\/02\/Blender_-C__Users_Thierry_Documents_Blender_NWN-Models_armoire01.blend-11-02-19-18_21_48-1024x564.png 1024w, https:\/\/myrdil.com\/wp-content\/uploads\/2019\/02\/Blender_-C__Users_Thierry_Documents_Blender_NWN-Models_armoire01.blend-11-02-19-18_21_48-500x275.png 500w\" sizes=\"auto, (max-width: 1920px) 100vw, 1920px\" \/><\/p>\n<p>Cr\u00e9ation des serrures<\/p>\n<p><img loading=\"lazy\" decoding=\"async\" class=\"alignnone size-full wp-image-2039\" src=\"http:\/\/192.168.1.201\/wordpress\/wp-content\/uploads\/2019\/02\/Blender_-C__Users_Thierry_Documents_Blender_NWN-Models_armoire01.blend-11-02-19-18_48_01.png\" alt=\"\" width=\"1920\" height=\"1057\" srcset=\"https:\/\/myrdil.com\/wp-content\/uploads\/2019\/02\/Blender_-C__Users_Thierry_Documents_Blender_NWN-Models_armoire01.blend-11-02-19-18_48_01.png 1920w, https:\/\/myrdil.com\/wp-content\/uploads\/2019\/02\/Blender_-C__Users_Thierry_Documents_Blender_NWN-Models_armoire01.blend-11-02-19-18_48_01-300x165.png 300w, https:\/\/myrdil.com\/wp-content\/uploads\/2019\/02\/Blender_-C__Users_Thierry_Documents_Blender_NWN-Models_armoire01.blend-11-02-19-18_48_01-768x423.png 768w, https:\/\/myrdil.com\/wp-content\/uploads\/2019\/02\/Blender_-C__Users_Thierry_Documents_Blender_NWN-Models_armoire01.blend-11-02-19-18_48_01-1024x564.png 1024w, https:\/\/myrdil.com\/wp-content\/uploads\/2019\/02\/Blender_-C__Users_Thierry_Documents_Blender_NWN-Models_armoire01.blend-11-02-19-18_48_01-500x275.png 500w\" sizes=\"auto, (max-width: 1920px) 100vw, 1920px\" \/><\/p>\n<p>Cr\u00e9ation de la clef<\/p>\n<p><img loading=\"lazy\" decoding=\"async\" class=\"alignnone size-full wp-image-2038\" src=\"http:\/\/192.168.1.201\/wordpress\/wp-content\/uploads\/2019\/02\/Blender_-C__Users_Thierry_Documents_Blender_NWN-Models_armoire01.blend-11-02-19-19_58_38.png\" alt=\"\" width=\"1920\" height=\"1057\" srcset=\"https:\/\/myrdil.com\/wp-content\/uploads\/2019\/02\/Blender_-C__Users_Thierry_Documents_Blender_NWN-Models_armoire01.blend-11-02-19-19_58_38.png 1920w, https:\/\/myrdil.com\/wp-content\/uploads\/2019\/02\/Blender_-C__Users_Thierry_Documents_Blender_NWN-Models_armoire01.blend-11-02-19-19_58_38-300x165.png 300w, https:\/\/myrdil.com\/wp-content\/uploads\/2019\/02\/Blender_-C__Users_Thierry_Documents_Blender_NWN-Models_armoire01.blend-11-02-19-19_58_38-768x423.png 768w, https:\/\/myrdil.com\/wp-content\/uploads\/2019\/02\/Blender_-C__Users_Thierry_Documents_Blender_NWN-Models_armoire01.blend-11-02-19-19_58_38-1024x564.png 1024w, https:\/\/myrdil.com\/wp-content\/uploads\/2019\/02\/Blender_-C__Users_Thierry_Documents_Blender_NWN-Models_armoire01.blend-11-02-19-19_58_38-500x275.png 500w\" sizes=\"auto, (max-width: 1920px) 100vw, 1920px\" \/><\/p>\n<p>Articulation des portes pour les animations d&#8217;ouverture\/fermeture<\/p>\n<p><img loading=\"lazy\" decoding=\"async\" class=\"alignnone size-full wp-image-2037\" src=\"http:\/\/192.168.1.201\/wordpress\/wp-content\/uploads\/2019\/02\/Blender_-C__Users_Thierry_Documents_Blender_NWN-Models_armoire01.blend-11-02-19-20_39_43.png\" alt=\"\" width=\"1920\" height=\"1057\" srcset=\"https:\/\/myrdil.com\/wp-content\/uploads\/2019\/02\/Blender_-C__Users_Thierry_Documents_Blender_NWN-Models_armoire01.blend-11-02-19-20_39_43.png 1920w, https:\/\/myrdil.com\/wp-content\/uploads\/2019\/02\/Blender_-C__Users_Thierry_Documents_Blender_NWN-Models_armoire01.blend-11-02-19-20_39_43-300x165.png 300w, https:\/\/myrdil.com\/wp-content\/uploads\/2019\/02\/Blender_-C__Users_Thierry_Documents_Blender_NWN-Models_armoire01.blend-11-02-19-20_39_43-768x423.png 768w, https:\/\/myrdil.com\/wp-content\/uploads\/2019\/02\/Blender_-C__Users_Thierry_Documents_Blender_NWN-Models_armoire01.blend-11-02-19-20_39_43-1024x564.png 1024w, https:\/\/myrdil.com\/wp-content\/uploads\/2019\/02\/Blender_-C__Users_Thierry_Documents_Blender_NWN-Models_armoire01.blend-11-02-19-20_39_43-500x275.png 500w\" sizes=\"auto, (max-width: 1920px) 100vw, 1920px\" \/><\/p>\n<p>Et le rendu final<\/p>\n<p><img loading=\"lazy\" decoding=\"async\" class=\"alignnone size-full wp-image-2046\" src=\"http:\/\/192.168.1.201\/wordpress\/wp-content\/uploads\/2019\/02\/martoufarmoire.jpg\" alt=\"\" width=\"600\" height=\"744\" srcset=\"https:\/\/myrdil.com\/wp-content\/uploads\/2019\/02\/martoufarmoire.jpg 600w, https:\/\/myrdil.com\/wp-content\/uploads\/2019\/02\/martoufarmoire-242x300.jpg 242w\" sizes=\"auto, (max-width: 600px) 100vw, 600px\" \/><\/p>\n","protected":false},"excerpt":{"rendered":"<p>Importation de la photo dans Blender et cr\u00e9ation du cube de base &nbsp; Premi\u00e8res d\u00e9coupes S\u00e9paration des diamants Extrusion des pointes de diamants Renfoncement des contours des pointes de diamants Aspect g\u00e9n\u00e9ral du meuble termin\u00e9 Cr\u00e9ation des charni\u00e8res Cr\u00e9ation des &hellip; <a href=\"https:\/\/myrdil.com\/?page_id=2040\">Continue reading <span class=\"meta-nav\">&rarr;<\/span><\/a><\/p>\n","protected":false},"author":1,"featured_media":0,"parent":0,"menu_order":0,"comment_status":"closed","ping_status":"closed","template":"","meta":{"footnotes":""},"class_list":["post-2040","page","type-page","status-publish","hentry"],"_links":{"self":[{"href":"https:\/\/myrdil.com\/index.php?rest_route=\/wp\/v2\/pages\/2040","targetHints":{"allow":["GET"]}}],"collection":[{"href":"https:\/\/myrdil.com\/index.php?rest_route=\/wp\/v2\/pages"}],"about":[{"href":"https:\/\/myrdil.com\/index.php?rest_route=\/wp\/v2\/types\/page"}],"author":[{"embeddable":true,"href":"https:\/\/myrdil.com\/index.php?rest_route=\/wp\/v2\/users\/1"}],"replies":[{"embeddable":true,"href":"https:\/\/myrdil.com\/index.php?rest_route=%2Fwp%2Fv2%2Fcomments&post=2040"}],"version-history":[{"count":0,"href":"https:\/\/myrdil.com\/index.php?rest_route=\/wp\/v2\/pages\/2040\/revisions"}],"wp:attachment":[{"href":"https:\/\/myrdil.com\/index.php?rest_route=%2Fwp%2Fv2%2Fmedia&parent=2040"}],"curies":[{"name":"wp","href":"https:\/\/api.w.org\/{rel}","templated":true}]}}